{"id":2428,"date":"2023-02-01T17:41:29","date_gmt":"2023-02-01T09:41:29","guid":{"rendered":"https:\/\/www.north-luzon-tours.com\/NLT22\/de\/?page_id=2428"},"modified":"2023-02-21T16:28:48","modified_gmt":"2023-02-21T08:28:48","slug":"luna","status":"publish","type":"page","link":"http:\/\/www.north-luzon-tours.com\/NLT22\/de\/luna\/","title":{"rendered":"Luna"},"content":{"rendered":"\t\t<div data-elementor-type=\"wp-page\" data-elementor-id=\"2428\" class=\"elementor elementor-2428\">\n\t\t\t\t\t\t<section class=\"has_eae_slider elementor-section elementor-top-section elementor-element elementor-element-3b456f8 elementor-section-boxed elementor-section-height-default elementor-section-height-default\" data-eae-slider=\"3648\" data-id=\"3b456f8\" data-element_type=\"section\" data-e-type=\"section\">\n\t\t\t\t\t\t<div class=\"elementor-container elementor-column-gap-default\">\n\t\t\t\t\t<div class=\"has_eae_slider elementor-column elementor-col-100 elementor-top-column elementor-element elementor-element-843c107\" data-eae-slider=\"95366\" data-id=\"843c107\" data-element_type=\"column\" data-e-type=\"column\">\n\t\t\t<div class=\"elementor-widget-wrap elementor-element-populated\">\n\t\t\t\t\t\t<div class=\"elementor-element elementor-element-f97e0b7 elementor-widget elementor-widget-heading\" data-id=\"f97e0b7\" data-element_type=\"widget\" data-e-type=\"widget\" data-widget_type=\"heading.default\">\n\t\t\t\t<div class=\"elementor-widget-container\">\n\t\t\t\t\t<h2 class=\"elementor-heading-title elementor-size-default\">Der spanische Wachturm von Luna<\/h2>\t\t\t\t<\/div>\n\t\t\t\t<\/div>\n\t\t\t\t\t<\/div>\n\t\t<\/div>\n\t\t\t\t\t<\/div>\n\t\t<\/section>\n\t\t\t\t<section class=\"has_eae_slider elementor-section elementor-top-section elementor-element elementor-element-8b66ef5 elementor-section-full_width elementor-section-height-default elementor-section-height-default\" data-eae-slider=\"41079\" data-id=\"8b66ef5\" data-element_type=\"section\" data-e-type=\"section\">\n\t\t\t\t\t\t<div class=\"elementor-container elementor-column-gap-default\">\n\t\t\t\t\t<div class=\"has_eae_slider elementor-column elementor-col-100 elementor-top-column elementor-element elementor-element-7b464f6\" data-eae-slider=\"9823\" data-id=\"7b464f6\" data-element_type=\"column\" data-e-type=\"column\" data-settings=\"{&quot;background_background&quot;:&quot;classic&quot;,&quot;animation&quot;:&quot;none&quot;}\">\n\t\t\t<div class=\"elementor-widget-wrap elementor-element-populated\">\n\t\t\t\t\t\t<div class=\"elementor-element elementor-element-4c367df elementor-arrows-position-inside elementor-pagination-position-outside elementor-widget elementor-widget-image-carousel\" data-id=\"4c367df\" data-element_type=\"widget\" data-e-type=\"widget\" data-settings=\"{&quot;slides_to_show&quot;:&quot;1&quot;,&quot;autoplay_speed&quot;:3500,&quot;effect&quot;:&quot;fade&quot;,&quot;speed&quot;:750,&quot;_animation&quot;:&quot;none&quot;,&quot;navigation&quot;:&quot;both&quot;,&quot;autoplay&quot;:&quot;yes&quot;,&quot;pause_on_hover&quot;:&quot;yes&quot;,&quot;pause_on_interaction&quot;:&quot;yes&quot;,&quot;infinite&quot;:&quot;yes&quot;}\" data-widget_type=\"image-carousel.default\">\n\t\t\t\t<div class=\"elementor-widget-container\">\n\t\t\t\t\t\t\t<div class=\"elementor-image-carousel-wrapper swiper\" role=\"region\" aria-roledescription=\"carousel\" aria-label=\"Image Carousel\" dir=\"ltr\">\n\t\t\t<div class=\"elementor-image-carousel swiper-wrapper swiper-image-stretch\" aria-live=\"off\">\n\t\t\t\t\t\t\t\t<div class=\"swiper-slide\" role=\"group\" aria-roledescription=\"slide\" aria-label=\"1 of 6\"><a data-elementor-open-lightbox=\"yes\" data-elementor-lightbox-slideshow=\"4c367df\" data-elementor-lightbox-title=\"Baluarte-2011\" data-e-action-hash=\"#elementor-action%3Aaction%3Dlightbox%26settings%3DeyJpZCI6MjQzMywidXJsIjoiaHR0cHM6XC9cL3d3dy5ub3J0aC1sdXpvbi10b3Vycy5jb21cL05MVDIyXC9kZVwvd3AtY29udGVudFwvdXBsb2Fkc1wvMjAyM1wvMDJcL0JhbHVhcnRlLTIwMTEtc2NhbGVkLmpwZyIsInNsaWRlc2hvdyI6IjRjMzY3ZGYifQ%3D%3D\" href=\"https:\/\/www.north-luzon-tours.com\/NLT22\/de\/wp-content\/uploads\/2023\/02\/Baluarte-2011-scaled.jpg\"><figure class=\"swiper-slide-inner\"><img decoding=\"async\" class=\"swiper-slide-image\" src=\"https:\/\/www.north-luzon-tours.com\/NLT22\/de\/wp-content\/uploads\/2023\/02\/Baluarte-2011-1024x576.jpg\" alt=\"2011\" \/><figcaption class=\"elementor-image-carousel-caption\">2011<\/figcaption><\/figure><\/a><\/div><div class=\"swiper-slide\" role=\"group\" aria-roledescription=\"slide\" aria-label=\"2 of 6\"><a data-elementor-open-lightbox=\"yes\" data-elementor-lightbox-slideshow=\"4c367df\" data-elementor-lightbox-title=\"Baluarte-2011-redarrow\" data-e-action-hash=\"#elementor-action%3Aaction%3Dlightbox%26settings%3DeyJpZCI6MjQzNSwidXJsIjoiaHR0cHM6XC9cL3d3dy5ub3J0aC1sdXpvbi10b3Vycy5jb21cL05MVDIyXC9kZVwvd3AtY29udGVudFwvdXBsb2Fkc1wvMjAyM1wvMDJcL0JhbHVhcnRlLTIwMTEtcmVkYXJyb3ctc2NhbGVkLmpwZyIsInNsaWRlc2hvdyI6IjRjMzY3ZGYifQ%3D%3D\" href=\"https:\/\/www.north-luzon-tours.com\/NLT22\/de\/wp-content\/uploads\/2023\/02\/Baluarte-2011-redarrow-scaled.jpg\"><figure class=\"swiper-slide-inner\"><img decoding=\"async\" class=\"swiper-slide-image\" src=\"https:\/\/www.north-luzon-tours.com\/NLT22\/de\/wp-content\/uploads\/2023\/02\/Baluarte-2011-redarrow-1024x576.jpg\" alt=\"2011-2\" \/><figcaption class=\"elementor-image-carousel-caption\">2011-2<\/figcaption><\/figure><\/a><\/div><div class=\"swiper-slide\" role=\"group\" aria-roledescription=\"slide\" aria-label=\"3 of 6\"><a data-elementor-open-lightbox=\"yes\" data-elementor-lightbox-slideshow=\"4c367df\" data-elementor-lightbox-title=\"Baluarte-2014\" data-e-action-hash=\"#elementor-action%3Aaction%3Dlightbox%26settings%3DeyJpZCI6MjQzNCwidXJsIjoiaHR0cHM6XC9cL3d3dy5ub3J0aC1sdXpvbi10b3Vycy5jb21cL05MVDIyXC9kZVwvd3AtY29udGVudFwvdXBsb2Fkc1wvMjAyM1wvMDJcL0JhbHVhcnRlLTIwMTQtc2NhbGVkLmpwZyIsInNsaWRlc2hvdyI6IjRjMzY3ZGYifQ%3D%3D\" href=\"https:\/\/www.north-luzon-tours.com\/NLT22\/de\/wp-content\/uploads\/2023\/02\/Baluarte-2014-scaled.jpg\"><figure class=\"swiper-slide-inner\"><img decoding=\"async\" class=\"swiper-slide-image\" src=\"https:\/\/www.north-luzon-tours.com\/NLT22\/de\/wp-content\/uploads\/2023\/02\/Baluarte-2014-1024x683.jpg\" alt=\"2014\" \/><figcaption class=\"elementor-image-carousel-caption\">2014<\/figcaption><\/figure><\/a><\/div><div class=\"swiper-slide\" role=\"group\" aria-roledescription=\"slide\" aria-label=\"4 of 6\"><a data-elementor-open-lightbox=\"yes\" data-elementor-lightbox-slideshow=\"4c367df\" data-elementor-lightbox-title=\"Baluarte 2015 Lando\" data-e-action-hash=\"#elementor-action%3Aaction%3Dlightbox%26settings%3DeyJpZCI6MjQzMSwidXJsIjoiaHR0cHM6XC9cL3d3dy5ub3J0aC1sdXpvbi10b3Vycy5jb21cL05MVDIyXC9kZVwvd3AtY29udGVudFwvdXBsb2Fkc1wvMjAyM1wvMDJcL0JhbHVhcnRlLTIwMTUtTGFuZG8tc2NhbGVkLmpwZyIsInNsaWRlc2hvdyI6IjRjMzY3ZGYifQ%3D%3D\" href=\"https:\/\/www.north-luzon-tours.com\/NLT22\/de\/wp-content\/uploads\/2023\/02\/Baluarte-2015-Lando-scaled.jpg\"><figure class=\"swiper-slide-inner\"><img decoding=\"async\" class=\"swiper-slide-image\" src=\"https:\/\/www.north-luzon-tours.com\/NLT22\/de\/wp-content\/uploads\/2023\/02\/Baluarte-2015-Lando-1024x683.jpg\" alt=\"2015\" \/><figcaption class=\"elementor-image-carousel-caption\">2015<\/figcaption><\/figure><\/a><\/div><div class=\"swiper-slide\" role=\"group\" aria-roledescription=\"slide\" aria-label=\"5 of 6\"><a data-elementor-open-lightbox=\"yes\" data-elementor-lightbox-slideshow=\"4c367df\" data-elementor-lightbox-title=\"Baluarte 2017\" data-e-action-hash=\"#elementor-action%3Aaction%3Dlightbox%26settings%3DeyJpZCI6MjQzMiwidXJsIjoiaHR0cHM6XC9cL3d3dy5ub3J0aC1sdXpvbi10b3Vycy5jb21cL05MVDIyXC9kZVwvd3AtY29udGVudFwvdXBsb2Fkc1wvMjAyM1wvMDJcL0JhbHVhcnRlLTIwMTcuanBnIiwic2xpZGVzaG93IjoiNGMzNjdkZiJ9\" href=\"https:\/\/www.north-luzon-tours.com\/NLT22\/de\/wp-content\/uploads\/2023\/02\/Baluarte-2017.jpg\"><figure class=\"swiper-slide-inner\"><img decoding=\"async\" class=\"swiper-slide-image\" src=\"https:\/\/www.north-luzon-tours.com\/NLT22\/de\/wp-content\/uploads\/2023\/02\/Baluarte-2017-1024x576.jpg\" alt=\"2017\" \/><figcaption class=\"elementor-image-carousel-caption\">2017<\/figcaption><\/figure><\/a><\/div><div class=\"swiper-slide\" role=\"group\" aria-roledescription=\"slide\" aria-label=\"6 of 6\"><a data-elementor-open-lightbox=\"yes\" data-elementor-lightbox-slideshow=\"4c367df\" data-elementor-lightbox-title=\"lunanight\" data-e-action-hash=\"#elementor-action%3Aaction%3Dlightbox%26settings%3DeyJpZCI6MjQ4NiwidXJsIjoiaHR0cHM6XC9cL3d3dy5ub3J0aC1sdXpvbi10b3Vycy5jb21cL05MVDIyXC9kZVwvd3AtY29udGVudFwvdXBsb2Fkc1wvMjAyM1wvMDJcL2x1bmFuaWdodC5qcGciLCJzbGlkZXNob3ciOiI0YzM2N2RmIn0%3D\" href=\"https:\/\/www.north-luzon-tours.com\/NLT22\/de\/wp-content\/uploads\/2023\/02\/lunanight.jpg\"><figure class=\"swiper-slide-inner\"><img decoding=\"async\" class=\"swiper-slide-image\" src=\"https:\/\/www.north-luzon-tours.com\/NLT22\/de\/wp-content\/uploads\/2023\/02\/lunanight-1024x637.jpg\" alt=\"2023 Nachts\" \/><figcaption class=\"elementor-image-carousel-caption\">2023 Nachts<\/figcaption><\/figure><\/a><\/div>\t\t\t<\/div>\n\t\t\t\t\t\t\t\t\t\t\t\t<div class=\"elementor-swiper-button elementor-swiper-button-prev\" role=\"button\" tabindex=\"0\">\n\t\t\t\t\t\t<i aria-hidden=\"true\" class=\"eicon-chevron-left\"><\/i>\t\t\t\t\t<\/div>\n\t\t\t\t\t<div class=\"elementor-swiper-button elementor-swiper-button-next\" role=\"button\" tabindex=\"0\">\n\t\t\t\t\t\t<i aria-hidden=\"true\" class=\"eicon-chevron-right\"><\/i>\t\t\t\t\t<\/div>\n\t\t\t\t\n\t\t\t\t\t\t\t\t\t<div class=\"swiper-pagination\"><\/div>\n\t\t\t\t\t\t\t\t\t<\/div>\n\t\t\t\t\t\t<\/div>\n\t\t\t\t<\/div>\n\t\t\t\t\t<\/div>\n\t\t<\/div>\n\t\t\t\t\t<\/div>\n\t\t<\/section>\n\t\t\t\t<section class=\"has_eae_slider elementor-section elementor-top-section elementor-element elementor-element-c06f280 elementor-section-boxed elementor-section-height-default elementor-section-height-default\" data-eae-slider=\"39829\" data-id=\"c06f280\" data-element_type=\"section\" data-e-type=\"section\">\n\t\t\t\t\t\t<div class=\"elementor-container elementor-column-gap-default\">\n\t\t\t\t\t<div class=\"has_eae_slider elementor-column elementor-col-100 elementor-top-column elementor-element elementor-element-54a9475\" data-eae-slider=\"52591\" data-id=\"54a9475\" data-element_type=\"column\" data-e-type=\"column\">\n\t\t\t<div class=\"elementor-widget-wrap elementor-element-populated\">\n\t\t\t\t\t\t<div class=\"elementor-element elementor-element-efc9ab1 elementor-widget elementor-widget-text-editor\" data-id=\"efc9ab1\" data-element_type=\"widget\" data-e-type=\"widget\" data-widget_type=\"text-editor.default\">\n\t\t\t\t<div class=\"elementor-widget-container\">\n\t\t\t\t\t\t\t\t\t<p>Der Spanische Wachtturm in Luna in seinen verschiedenen baulichen Zust\u00e4nden, wie wir von NLT ihn \u00fcber die Jahre angetroffen haben.<\/p><p><strong>Bild 1:<\/strong><br \/>Zeigt den Wachturm im Jahre 2011. Damals war der Turm bereits gespalten und in seinem Inneren wuchs Geb\u00fcsch. Die Mauer war stark besch\u00e4digt und dicke Betonpfosten (Bild 2 &#8211; roter Pfeil) verhinderten, dass die seeseitige H\u00e4lfte umst\u00fcrzt.<\/p><p><strong>Bild 3:<\/strong><\/p><p>Der Wachturm im Jahr 2014. Das Geb\u00fcsch wurde entfernt und das Gel\u00e4nde um den Turm, mehr oder weniger gut ges\u00e4ubert. Die Betonpfosten haben \u00fcber die Jahre tats\u00e4chlich gute Arbeit geleistet.<\/p><p><strong>Bild 4:<\/strong><\/p><p>Im Oktober 2015 w\u00fctete\u00a0 Typhoon Lando in Nord Luzon und erzeugte riesige Wellen. Das f\u00fchrte zur Unterwaschung des Strandes und die Betonpfosten konnten dem Druck der Mauer nichts mehr entgegenstemmen, sie fiel um und zerbrach in mehrere gro\u00dfe und kleine St\u00fccke.<\/p><p><strong>Bild 5:<\/strong><\/p><p>Der restaurierte Wachturm im Jahre 2017, zwei Jahre nach seinem Kollaps.<br \/>Die seeseitige H\u00e4lfte wurde mit neuen Ziegeln restauriert.<br \/>Die zerst\u00fcckelte Mauer fand unter dem Podest ihre Ruhest\u00e4tte.<\/p>\t\t\t\t\t\t\t\t<\/div>\n\t\t\t\t<\/div>\n\t\t\t\t\t<\/div>\n\t\t<\/div>\n\t\t\t\t\t<\/div>\n\t\t<\/section>\n\t\t\t\t<section class=\"has_eae_slider elementor-section elementor-top-section elementor-element elementor-element-0b2d2df elementor-section-boxed elementor-section-height-default elementor-section-height-default\" data-eae-slider=\"47419\" data-id=\"0b2d2df\" data-element_type=\"section\" data-e-type=\"section\">\n\t\t\t\t\t\t<div class=\"elementor-container elementor-column-gap-default\">\n\t\t\t\t\t<div class=\"has_eae_slider elementor-column elementor-col-100 elementor-top-column elementor-element elementor-element-401c77d\" data-eae-slider=\"79020\" data-id=\"401c77d\" data-element_type=\"column\" data-e-type=\"column\">\n\t\t\t<div class=\"elementor-widget-wrap elementor-element-populated\">\n\t\t\t\t\t\t<div class=\"elementor-element elementor-element-c4f5c11 elementor-widget-divider--view-line elementor-widget elementor-widget-divider\" data-id=\"c4f5c11\" data-element_type=\"widget\" data-e-type=\"widget\" data-widget_type=\"divider.default\">\n\t\t\t\t<div class=\"elementor-widget-container\">\n\t\t\t\t\t\t\t<div class=\"elementor-divider\">\n\t\t\t<span class=\"elementor-divider-separator\">\n\t\t\t\t\t\t<\/span>\n\t\t<\/div>\n\t\t\t\t\t\t<\/div>\n\t\t\t\t<\/div>\n\t\t\t\t\t<\/div>\n\t\t<\/div>\n\t\t\t\t\t<\/div>\n\t\t<\/section>\n\t\t\t\t<section class=\"has_eae_slider elementor-section elementor-top-section elementor-element elementor-element-35adbd6 elementor-section-boxed elementor-section-height-default elementor-section-height-default\" data-eae-slider=\"85484\" data-id=\"35adbd6\" data-element_type=\"section\" data-e-type=\"section\">\n\t\t\t\t\t\t<div class=\"elementor-container elementor-column-gap-default\">\n\t\t\t\t\t<div class=\"has_eae_slider elementor-column elementor-col-100 elementor-top-column elementor-element elementor-element-79c1a10\" data-eae-slider=\"37042\" data-id=\"79c1a10\" data-element_type=\"column\" data-e-type=\"column\">\n\t\t\t<div class=\"elementor-widget-wrap elementor-element-populated\">\n\t\t\t\t\t\t<div class=\"elementor-element elementor-element-af50bbc elementor-widget elementor-widget-text-editor\" data-id=\"af50bbc\" data-element_type=\"widget\" data-e-type=\"widget\" data-widget_type=\"text-editor.default\">\n\t\t\t\t<div class=\"elementor-widget-container\">\n\t\t\t\t\t\t\t\t\t<p>Dieser Wachturm war Teil einer Kette von Wacht\u00fcrmen entlang der K\u00fcste. Insgesamt hatten die Spanier damals 13 Wacht\u00fcrme errichtet, um Piraten, die von China kamen, rechtzeitig entdecken und die sich n\u00e4hernde Gefahr weitermelden zu k\u00f6nnen. Bis zu seinem Kollaps im Jahr 2015, war dieser Wachturm der unter den zwei erhaltenen, der mit den alten Originalziegeln erhalten war (wenn auch gespalten).<\/p><p>Der zweite Turm befindet sich etwa 25 km weiter entfernt in San Juan, La Union (siehe Video).<\/p>\t\t\t\t\t\t\t\t<\/div>\n\t\t\t\t<\/div>\n\t\t\t\t\t<\/div>\n\t\t<\/div>\n\t\t\t\t\t<\/div>\n\t\t<\/section>\n\t\t\t\t<section class=\"has_eae_slider elementor-section elementor-top-section elementor-element elementor-element-a243f09 elementor-section-boxed elementor-section-height-default elementor-section-height-default\" data-eae-slider=\"31492\" data-id=\"a243f09\" data-element_type=\"section\" data-e-type=\"section\">\n\t\t\t\t\t\t<div class=\"elementor-container elementor-column-gap-default\">\n\t\t\t\t\t<div class=\"has_eae_slider elementor-column elementor-col-100 elementor-top-column elementor-element elementor-element-990fad8\" data-eae-slider=\"73305\" data-id=\"990fad8\" data-element_type=\"column\" data-e-type=\"column\">\n\t\t\t<div class=\"elementor-widget-wrap elementor-element-populated\">\n\t\t\t\t\t\t<div class=\"elementor-element elementor-element-9200680 elementor-widget elementor-widget-video\" data-id=\"9200680\" data-element_type=\"widget\" data-e-type=\"widget\" data-settings=\"{&quot;youtube_url&quot;:&quot;https:\\\/\\\/youtu.be\\\/-7e0ain2xeQ&quot;,&quot;video_type&quot;:&quot;youtube&quot;,&quot;controls&quot;:&quot;yes&quot;}\" data-widget_type=\"video.default\">\n\t\t\t\t<div class=\"elementor-widget-container\">\n\t\t\t\t\t\t\t<div class=\"elementor-wrapper elementor-open-inline\">\n\t\t\t<div class=\"elementor-video\"><\/div>\t\t<\/div>\n\t\t\t\t\t\t<\/div>\n\t\t\t\t<\/div>\n\t\t\t\t\t<\/div>\n\t\t<\/div>\n\t\t\t\t\t<\/div>\n\t\t<\/section>\n\t\t\t\t<\/div>\n\t\t","protected":false},"excerpt":{"rendered":"<p>Der spanische Wachturm von Luna 2011 2011-2 2014 2015 2017 2023 Nachts Previous Next Der Spanische Wachtturm in Luna in seinen verschiedenen baulichen Zust\u00e4nden, wie wir von NLT ihn \u00fcber &#8230;<\/p>\n","protected":false},"author":2,"featured_media":0,"parent":0,"menu_order":0,"comment_status":"closed","ping_status":"closed","template":"","meta":{"footnotes":""},"class_list":["post-2428","page","type-page","status-publish","hentry"],"_links":{"self":[{"href":"http:\/\/www.north-luzon-tours.com\/NLT22\/de\/wp-json\/wp\/v2\/pages\/2428","targetHints":{"allow":["GET"]}}],"collection":[{"href":"http:\/\/www.north-luzon-tours.com\/NLT22\/de\/wp-json\/wp\/v2\/pages"}],"about":[{"href":"http:\/\/www.north-luzon-tours.com\/NLT22\/de\/wp-json\/wp\/v2\/types\/page"}],"author":[{"embeddable":true,"href":"http:\/\/www.north-luzon-tours.com\/NLT22\/de\/wp-json\/wp\/v2\/users\/2"}],"replies":[{"embeddable":true,"href":"http:\/\/www.north-luzon-tours.com\/NLT22\/de\/wp-json\/wp\/v2\/comments?post=2428"}],"version-history":[{"count":49,"href":"http:\/\/www.north-luzon-tours.com\/NLT22\/de\/wp-json\/wp\/v2\/pages\/2428\/revisions"}],"predecessor-version":[{"id":2489,"href":"http:\/\/www.north-luzon-tours.com\/NLT22\/de\/wp-json\/wp\/v2\/pages\/2428\/revisions\/2489"}],"wp:attachment":[{"href":"http:\/\/www.north-luzon-tours.com\/NLT22\/de\/wp-json\/wp\/v2\/media?parent=2428"}],"curies":[{"name":"wp","href":"https:\/\/api.w.org\/{rel}","templated":true}]}}