{"id":736,"date":"2022-11-14T17:50:41","date_gmt":"2022-11-14T09:50:41","guid":{"rendered":"https:\/\/www.north-luzon-tours.com\/NLT22\/de\/?page_id=736"},"modified":"2025-04-11T13:34:32","modified_gmt":"2025-04-11T05:34:32","slug":"zahnbehandlung","status":"publish","type":"page","link":"http:\/\/www.north-luzon-tours.com\/NLT22\/de\/zahnbehandlung\/","title":{"rendered":"Zahnbehandlung"},"content":{"rendered":"\t\t<div data-elementor-type=\"wp-post\" data-elementor-id=\"736\" class=\"elementor elementor-736\">\n\t\t\t\t\t\t<section class=\"has_eae_slider elementor-section elementor-top-section elementor-element elementor-element-40c0d08 elementor-section-boxed elementor-section-height-default elementor-section-height-default\" data-eae-slider=\"66272\" data-id=\"40c0d08\" data-element_type=\"section\" data-e-type=\"section\">\n\t\t\t\t\t\t<div class=\"elementor-container elementor-column-gap-default\">\n\t\t\t\t\t<div class=\"has_eae_slider elementor-column elementor-col-100 elementor-top-column elementor-element elementor-element-5935d9c\" data-eae-slider=\"60575\" data-id=\"5935d9c\" data-element_type=\"column\" data-e-type=\"column\">\n\t\t\t<div class=\"elementor-widget-wrap elementor-element-populated\">\n\t\t\t\t\t\t<div class=\"elementor-element elementor-element-6affde3 elementor-widget elementor-widget-heading\" data-id=\"6affde3\" data-element_type=\"widget\" data-e-type=\"widget\" data-widget_type=\"heading.default\">\n\t\t\t\t<div class=\"elementor-widget-container\">\n\t\t\t\t\t<h2 class=\"elementor-heading-title elementor-size-medium\">Zahn\u00e4rztliche Behandlung auf den Philippinen<\/h2>\t\t\t\t<\/div>\n\t\t\t\t<\/div>\n\t\t\t\t\t<\/div>\n\t\t<\/div>\n\t\t\t\t\t<\/div>\n\t\t<\/section>\n\t\t\t\t<section class=\"has_eae_slider elementor-section elementor-top-section elementor-element elementor-element-5e9bfbb elementor-section-boxed elementor-section-height-default elementor-section-height-default\" data-eae-slider=\"99441\" data-id=\"5e9bfbb\" data-element_type=\"section\" data-e-type=\"section\">\n\t\t\t\t\t\t<div class=\"elementor-container elementor-column-gap-default\">\n\t\t\t\t\t<div class=\"has_eae_slider elementor-column elementor-col-100 elementor-top-column elementor-element elementor-element-d731429\" data-eae-slider=\"24344\" data-id=\"d731429\" data-element_type=\"column\" data-e-type=\"column\">\n\t\t\t<div class=\"elementor-widget-wrap elementor-element-populated\">\n\t\t\t\t\t\t<div class=\"elementor-element elementor-element-0469a74 elementor-widget elementor-widget-text-editor\" data-id=\"0469a74\" data-element_type=\"widget\" data-e-type=\"widget\" data-widget_type=\"text-editor.default\">\n\t\t\t\t<div class=\"elementor-widget-container\">\n\t\t\t\t\t\t\t\t\t<p>Was wirklich \u00fcberrascht auf den Philippinen, sind die meistens fachlich versierten Zahn\u00e4rzte, die zu einem extrem guten Preis Behandlungen aller Art vornehmen.<\/p><p>Mit dem Preisunterschied, den man bei vielen Behandlungen im Vergleich zu den heimischen Kosten hat, sind mit Sicherheit alle Kosten, die man f\u00fcr Ticket, Unterkunft und Verpflegung aufzubringen hat, gedeckt. Das gilt selbstverst\u00e4ndlich nur f\u00fcr Behandlungen, die aufw\u00e4ndig sind und deren Kosten nicht durch die Krankenversicherung gedeckt sind.<\/p><p>Warum also nicht einen Urlaub planen und sich nebenbei die Z\u00e4hne g\u00fcnstig behandeln zu lassen?<\/p><p>Sagen Sie uns, welche Behandlung Sie zu machen h\u00e4tten und wir erstellen Ihnen ein umfassendes Angebot!<\/p>\t\t\t\t\t\t\t\t<\/div>\n\t\t\t\t<\/div>\n\t\t\t\t\t<\/div>\n\t\t<\/div>\n\t\t\t\t\t<\/div>\n\t\t<\/section>\n\t\t\t\t<section class=\"has_eae_slider elementor-section elementor-top-section elementor-element elementor-element-0eddcfc elementor-section-boxed elementor-section-height-default elementor-section-height-default\" data-eae-slider=\"17651\" data-id=\"0eddcfc\" data-element_type=\"section\" data-e-type=\"section\">\n\t\t\t\t\t\t<div class=\"elementor-container elementor-column-gap-default\">\n\t\t\t\t\t<div class=\"has_eae_slider elementor-column elementor-col-100 elementor-top-column elementor-element elementor-element-18a422c\" data-eae-slider=\"58847\" data-id=\"18a422c\" data-element_type=\"column\" data-e-type=\"column\">\n\t\t\t<div class=\"elementor-widget-wrap elementor-element-populated\">\n\t\t\t\t\t\t<div class=\"elementor-element elementor-element-70e3d61 elementor-widget elementor-widget-text-editor\" data-id=\"70e3d61\" data-element_type=\"widget\" data-e-type=\"widget\" data-widget_type=\"text-editor.default\">\n\t\t\t\t<div class=\"elementor-widget-container\">\n\t\t\t\t\t\t\t\t\t<p>F\u00fcr ein umfassendes Angebot ersuchen wir Sie um genaue Angaben!<\/p><ul><li>Welche Art von Zahnbehandlung ben\u00f6tigen Sie?<\/li><li>Wie viel Zeit k\u00f6nnen Sie hier verbringen?<\/li><li>Vorbehandlungen?<\/li><li>Unterkunft: Privat oder Hotel?<\/li><\/ul><p>Wir kontaktieren Sie umgehend, wenn wir eine Anfrage von Ihnen erhalten!<br \/>Nachfolgend einige Beispiele.<\/p><hr \/><p><strong>Eigene Erfahrung von North Luzon Tours:<\/strong><\/p><p>Beim Mittagessen auf einen Knochensplitter gebissen, Backenzahn gesprungen! Da ich mich in einer gro\u00dfen Shopping-Mall befand, ging ich in die darin befindliche Zahnklinik! Angemeldet \u2013 Problem geschildert \u2013 sofort behandelt worden! Nach 1 1\/2 Stunden auf einem sehr modernen Behandlungsstuhl und sehr fachlicher Behandlung konnte ich die Dentalklinik mit meinem frisch behandelten Zahn wieder verlassen. Eine Kontrolle in der Heimat durch den Hauszahnarzt Wochen sp\u00e4ter ergab, dass er dieselbe Behandlung auch nicht besser machen h\u00e4tte k\u00f6nnen. Zufriedenheitsfaktor: 101%<\/p><p>Kostenpunkt f\u00fcr die Behandlung <b>\u20ac 40,\u2013<\/b><\/p><hr \/><p><strong>Ein anderer Fall:<\/strong><\/p><p>Patient l\u00e4sst 8 Z\u00e4hne abschleifen und neu aufsetzen. Behandlung erfolgte innerhalb von 10 Tagen!<br \/>Zufriedenheitsfaktor des Patienten: 101%<\/p><p>Kostenpunkt der Behandlung \u2013 <b>\u20ac 880,\u2013<\/b><\/p><hr \/><p><b>Noch eine Erfahrung aus dem Bekanntenkreis (Raucher):<\/b><\/p><p>Zahnsteinentfernung, Zahnverf\u00e4rbung entfernen.<br \/>Zufriedenheitsfaktor: 101%<\/p><p>Kosten daf\u00fcr \u2013 <strong>\u20ac 8,20<\/strong><\/p><hr \/><p><strong>K\u00fcrzlich geschehen:<\/strong><\/p><p>Kunde verliert Plombe beim Abendessen. Die Behandlung (ausbohren und neue F\u00fcllung) erfolgt ohne Terminisierung am n\u00e4chsten Morgen.<\/p><p>Kosten daf\u00fcr \u2013 <strong>\u20ac 8,20<\/strong><\/p><hr \/><p><strong>\u00dcberzeugt?<\/strong><\/p><p>Z\u00f6gern Sie nicht lange und lassen Sie sich von uns ein unverbindliches Angebot erstellen.<\/p><p>Nutzen Sie daf\u00fcr unser\u00a0<a href=\"https:\/\/www.north-luzon-tours.com\/kontakt\/\">Kontaktformular<\/a><\/p>\t\t\t\t\t\t\t\t<\/div>\n\t\t\t\t<\/div>\n\t\t\t\t\t<\/div>\n\t\t<\/div>\n\t\t\t\t\t<\/div>\n\t\t<\/section>\n\t\t\t\t<section class=\"has_eae_slider elementor-section elementor-top-section elementor-element elementor-element-1cb7cee elementor-section-boxed elementor-section-height-default elementor-section-height-default\" data-eae-slider=\"89320\" data-id=\"1cb7cee\" data-element_type=\"section\" data-e-type=\"section\">\n\t\t\t\t\t\t<div class=\"elementor-container elementor-column-gap-default\">\n\t\t\t\t\t<div class=\"has_eae_slider elementor-column elementor-col-100 elementor-top-column elementor-element elementor-element-a59207f\" data-eae-slider=\"57175\" data-id=\"a59207f\" data-element_type=\"column\" data-e-type=\"column\">\n\t\t\t<div class=\"elementor-widget-wrap elementor-element-populated\">\n\t\t\t\t\t\t<div class=\"elementor-element elementor-element-88d8ea8 elementor-widget elementor-widget-video\" data-id=\"88d8ea8\" data-element_type=\"widget\" data-e-type=\"widget\" data-settings=\"{&quot;youtube_url&quot;:&quot;https:\\\/\\\/youtu.be\\\/dLjl9n2LBzI&quot;,&quot;video_type&quot;:&quot;youtube&quot;,&quot;controls&quot;:&quot;yes&quot;}\" data-widget_type=\"video.default\">\n\t\t\t\t<div class=\"elementor-widget-container\">\n\t\t\t\t\t\t\t<div class=\"elementor-wrapper elementor-open-inline\">\n\t\t\t<div class=\"elementor-video\"><\/div>\t\t<\/div>\n\t\t\t\t\t\t<\/div>\n\t\t\t\t<\/div>\n\t\t\t\t\t<\/div>\n\t\t<\/div>\n\t\t\t\t\t<\/div>\n\t\t<\/section>\n\t\t\t\t<\/div>\n\t\t","protected":false},"excerpt":{"rendered":"<p>Zahn\u00e4rztliche Behandlung auf den Philippinen Was wirklich \u00fcberrascht auf den Philippinen, sind die meistens fachlich versierten Zahn\u00e4rzte, die zu einem extrem guten Preis Behandlungen aller Art vornehmen. Mit dem Preisunterschied, &#8230;<\/p>\n","protected":false},"author":2,"featured_media":0,"parent":0,"menu_order":0,"comment_status":"closed","ping_status":"closed","template":"","meta":{"footnotes":""},"class_list":["post-736","page","type-page","status-publish","hentry"],"_links":{"self":[{"href":"http:\/\/www.north-luzon-tours.com\/NLT22\/de\/wp-json\/wp\/v2\/pages\/736","targetHints":{"allow":["GET"]}}],"collection":[{"href":"http:\/\/www.north-luzon-tours.com\/NLT22\/de\/wp-json\/wp\/v2\/pages"}],"about":[{"href":"http:\/\/www.north-luzon-tours.com\/NLT22\/de\/wp-json\/wp\/v2\/types\/page"}],"author":[{"embeddable":true,"href":"http:\/\/www.north-luzon-tours.com\/NLT22\/de\/wp-json\/wp\/v2\/users\/2"}],"replies":[{"embeddable":true,"href":"http:\/\/www.north-luzon-tours.com\/NLT22\/de\/wp-json\/wp\/v2\/comments?post=736"}],"version-history":[{"count":9,"href":"http:\/\/www.north-luzon-tours.com\/NLT22\/de\/wp-json\/wp\/v2\/pages\/736\/revisions"}],"predecessor-version":[{"id":3075,"href":"http:\/\/www.north-luzon-tours.com\/NLT22\/de\/wp-json\/wp\/v2\/pages\/736\/revisions\/3075"}],"wp:attachment":[{"href":"http:\/\/www.north-luzon-tours.com\/NLT22\/de\/wp-json\/wp\/v2\/media?parent=736"}],"curies":[{"name":"wp","href":"https:\/\/api.w.org\/{rel}","templated":true}]}}