{"id":1029,"date":"2022-11-16T09:10:48","date_gmt":"2022-11-16T01:10:48","guid":{"rendered":"https:\/\/www.north-luzon-tours.com\/NLT22\/de\/?page_id=1029"},"modified":"2023-03-03T11:13:18","modified_gmt":"2023-03-03T03:13:18","slug":"corregidor","status":"publish","type":"page","link":"https:\/\/www.north-luzon-tours.com\/NLT22\/de\/corregidor\/","title":{"rendered":"Corregidor Island"},"content":{"rendered":"\t\t<div data-elementor-type=\"wp-page\" data-elementor-id=\"1029\" class=\"elementor elementor-1029\">\n\t\t\t\t\t\t<section class=\"has_eae_slider elementor-section elementor-top-section elementor-element elementor-element-ea8553a elementor-section-boxed elementor-section-height-default elementor-section-height-default\" data-eae-slider=\"35936\" data-id=\"ea8553a\" data-element_type=\"section\" data-e-type=\"section\">\n\t\t\t\t\t\t<div class=\"elementor-container elementor-column-gap-default\">\n\t\t\t\t\t<div class=\"has_eae_slider elementor-column elementor-col-100 elementor-top-column elementor-element elementor-element-16c9d44\" data-eae-slider=\"53368\" data-id=\"16c9d44\" data-element_type=\"column\" data-e-type=\"column\">\n\t\t\t<div class=\"elementor-widget-wrap elementor-element-populated\">\n\t\t\t\t\t\t<div class=\"elementor-element elementor-element-442b3a3 elementor-widget elementor-widget-heading\" data-id=\"442b3a3\" data-element_type=\"widget\" data-e-type=\"widget\" data-widget_type=\"heading.default\">\n\t\t\t\t<div class=\"elementor-widget-container\">\n\t\t\t\t\t<h2 class=\"elementor-heading-title elementor-size-default\">Corregidor Island<\/h2>\t\t\t\t<\/div>\n\t\t\t\t<\/div>\n\t\t\t\t\t<\/div>\n\t\t<\/div>\n\t\t\t\t\t<\/div>\n\t\t<\/section>\n\t\t\t\t<section class=\"has_eae_slider elementor-section elementor-top-section elementor-element elementor-element-47d37b3 elementor-section-boxed elementor-section-height-default elementor-section-height-default\" data-eae-slider=\"29689\" data-id=\"47d37b3\" data-element_type=\"section\" data-e-type=\"section\">\n\t\t\t\t\t\t<div class=\"elementor-container elementor-column-gap-default\">\n\t\t\t\t\t<div class=\"has_eae_slider elementor-column elementor-col-100 elementor-top-column elementor-element elementor-element-33191a0\" data-eae-slider=\"82224\" data-id=\"33191a0\" data-element_type=\"column\" data-e-type=\"column\">\n\t\t\t<div class=\"elementor-widget-wrap elementor-element-populated\">\n\t\t\t\t\t\t<div class=\"elementor-element elementor-element-1b05d63 elementor-arrows-position-inside elementor-pagination-position-outside elementor-widget elementor-widget-image-carousel\" data-id=\"1b05d63\" data-element_type=\"widget\" data-e-type=\"widget\" data-settings=\"{&quot;slides_to_show&quot;:&quot;1&quot;,&quot;autoplay_speed&quot;:3500,&quot;effect&quot;:&quot;fade&quot;,&quot;navigation&quot;:&quot;both&quot;,&quot;autoplay&quot;:&quot;yes&quot;,&quot;pause_on_hover&quot;:&quot;yes&quot;,&quot;pause_on_interaction&quot;:&quot;yes&quot;,&quot;infinite&quot;:&quot;yes&quot;,&quot;speed&quot;:500}\" data-widget_type=\"image-carousel.default\">\n\t\t\t\t<div class=\"elementor-widget-container\">\n\t\t\t\t\t\t\t<div class=\"elementor-image-carousel-wrapper swiper\" role=\"region\" aria-roledescription=\"carousel\" aria-label=\"Image Carousel\" dir=\"ltr\">\n\t\t\t<div class=\"elementor-image-carousel swiper-wrapper\" aria-live=\"off\">\n\t\t\t\t\t\t\t\t<div class=\"swiper-slide\" role=\"group\" aria-roledescription=\"slide\" aria-label=\"1 of 19\"><figure class=\"swiper-slide-inner\"><img decoding=\"async\" class=\"swiper-slide-image\" src=\"https:\/\/www.north-luzon-tours.com\/NLT22\/de\/wp-content\/uploads\/2023\/03\/aerial1-1.jpg\" alt=\"aerial1\" \/><\/figure><\/div><div class=\"swiper-slide\" role=\"group\" aria-roledescription=\"slide\" aria-label=\"2 of 19\"><figure class=\"swiper-slide-inner\"><img decoding=\"async\" class=\"swiper-slide-image\" src=\"https:\/\/www.north-luzon-tours.com\/NLT22\/de\/wp-content\/uploads\/2022\/11\/cor01.jpg\" alt=\"cor01\" \/><\/figure><\/div><div class=\"swiper-slide\" role=\"group\" aria-roledescription=\"slide\" aria-label=\"3 of 19\"><figure class=\"swiper-slide-inner\"><img decoding=\"async\" class=\"swiper-slide-image\" src=\"https:\/\/www.north-luzon-tours.com\/NLT22\/de\/wp-content\/uploads\/2022\/11\/cor14.jpg\" alt=\"cor14\" \/><\/figure><\/div><div class=\"swiper-slide\" role=\"group\" aria-roledescription=\"slide\" aria-label=\"4 of 19\"><figure class=\"swiper-slide-inner\"><img decoding=\"async\" class=\"swiper-slide-image\" src=\"https:\/\/www.north-luzon-tours.com\/NLT22\/de\/wp-content\/uploads\/2022\/11\/cor16.jpg\" alt=\"cor16\" \/><\/figure><\/div><div class=\"swiper-slide\" role=\"group\" aria-roledescription=\"slide\" aria-label=\"5 of 19\"><figure class=\"swiper-slide-inner\"><img decoding=\"async\" class=\"swiper-slide-image\" src=\"https:\/\/www.north-luzon-tours.com\/NLT22\/de\/wp-content\/uploads\/2022\/11\/cor17.jpg\" alt=\"cor17\" \/><\/figure><\/div><div class=\"swiper-slide\" role=\"group\" aria-roledescription=\"slide\" aria-label=\"6 of 19\"><figure class=\"swiper-slide-inner\"><img decoding=\"async\" class=\"swiper-slide-image\" src=\"https:\/\/www.north-luzon-tours.com\/NLT22\/de\/wp-content\/uploads\/2022\/11\/cor02.jpg\" alt=\"cor02\" \/><\/figure><\/div><div class=\"swiper-slide\" role=\"group\" aria-roledescription=\"slide\" aria-label=\"7 of 19\"><figure class=\"swiper-slide-inner\"><img decoding=\"async\" class=\"swiper-slide-image\" src=\"https:\/\/www.north-luzon-tours.com\/NLT22\/de\/wp-content\/uploads\/2022\/11\/cor03.jpg\" alt=\"cor03\" \/><\/figure><\/div><div class=\"swiper-slide\" role=\"group\" aria-roledescription=\"slide\" aria-label=\"8 of 19\"><figure class=\"swiper-slide-inner\"><img decoding=\"async\" class=\"swiper-slide-image\" src=\"https:\/\/www.north-luzon-tours.com\/NLT22\/de\/wp-content\/uploads\/2022\/11\/cor15.jpg\" alt=\"cor15\" \/><\/figure><\/div><div class=\"swiper-slide\" role=\"group\" aria-roledescription=\"slide\" aria-label=\"9 of 19\"><figure class=\"swiper-slide-inner\"><img decoding=\"async\" class=\"swiper-slide-image\" src=\"https:\/\/www.north-luzon-tours.com\/NLT22\/de\/wp-content\/uploads\/2022\/11\/cor05.jpg\" alt=\"cor05\" \/><\/figure><\/div><div class=\"swiper-slide\" role=\"group\" aria-roledescription=\"slide\" aria-label=\"10 of 19\"><figure class=\"swiper-slide-inner\"><img decoding=\"async\" class=\"swiper-slide-image\" src=\"https:\/\/www.north-luzon-tours.com\/NLT22\/de\/wp-content\/uploads\/2022\/11\/cor06.jpg\" alt=\"cor06\" \/><\/figure><\/div><div class=\"swiper-slide\" role=\"group\" aria-roledescription=\"slide\" aria-label=\"11 of 19\"><figure class=\"swiper-slide-inner\"><img decoding=\"async\" class=\"swiper-slide-image\" src=\"https:\/\/www.north-luzon-tours.com\/NLT22\/de\/wp-content\/uploads\/2022\/11\/cor07.jpg\" alt=\"cor07\" \/><\/figure><\/div><div class=\"swiper-slide\" role=\"group\" aria-roledescription=\"slide\" aria-label=\"12 of 19\"><figure class=\"swiper-slide-inner\"><img decoding=\"async\" class=\"swiper-slide-image\" src=\"https:\/\/www.north-luzon-tours.com\/NLT22\/de\/wp-content\/uploads\/2022\/11\/cor04.jpg\" alt=\"cor04\" \/><\/figure><\/div><div class=\"swiper-slide\" role=\"group\" aria-roledescription=\"slide\" aria-label=\"13 of 19\"><figure class=\"swiper-slide-inner\"><img decoding=\"async\" class=\"swiper-slide-image\" src=\"https:\/\/www.north-luzon-tours.com\/NLT22\/de\/wp-content\/uploads\/2022\/11\/cor08.jpg\" alt=\"cor08\" \/><\/figure><\/div><div class=\"swiper-slide\" role=\"group\" aria-roledescription=\"slide\" aria-label=\"14 of 19\"><figure class=\"swiper-slide-inner\"><img decoding=\"async\" class=\"swiper-slide-image\" src=\"https:\/\/www.north-luzon-tours.com\/NLT22\/de\/wp-content\/uploads\/2022\/11\/cor18.jpg\" alt=\"cor18\" \/><\/figure><\/div><div class=\"swiper-slide\" role=\"group\" aria-roledescription=\"slide\" aria-label=\"15 of 19\"><figure class=\"swiper-slide-inner\"><img decoding=\"async\" class=\"swiper-slide-image\" src=\"https:\/\/www.north-luzon-tours.com\/NLT22\/de\/wp-content\/uploads\/2022\/11\/cor10.jpg\" alt=\"cor10\" \/><\/figure><\/div><div class=\"swiper-slide\" role=\"group\" aria-roledescription=\"slide\" aria-label=\"16 of 19\"><figure class=\"swiper-slide-inner\"><img decoding=\"async\" class=\"swiper-slide-image\" src=\"https:\/\/www.north-luzon-tours.com\/NLT22\/de\/wp-content\/uploads\/2022\/11\/cor09.jpg\" alt=\"cor09\" \/><\/figure><\/div><div class=\"swiper-slide\" role=\"group\" aria-roledescription=\"slide\" aria-label=\"17 of 19\"><figure class=\"swiper-slide-inner\"><img decoding=\"async\" class=\"swiper-slide-image\" src=\"https:\/\/www.north-luzon-tours.com\/NLT22\/de\/wp-content\/uploads\/2022\/11\/cor11.jpg\" alt=\"cor11\" \/><\/figure><\/div><div class=\"swiper-slide\" role=\"group\" aria-roledescription=\"slide\" aria-label=\"18 of 19\"><figure class=\"swiper-slide-inner\"><img decoding=\"async\" class=\"swiper-slide-image\" src=\"https:\/\/www.north-luzon-tours.com\/NLT22\/de\/wp-content\/uploads\/2022\/11\/cor12.jpg\" alt=\"cor12\" \/><\/figure><\/div><div class=\"swiper-slide\" role=\"group\" aria-roledescription=\"slide\" aria-label=\"19 of 19\"><figure class=\"swiper-slide-inner\"><img decoding=\"async\" class=\"swiper-slide-image\" src=\"https:\/\/www.north-luzon-tours.com\/NLT22\/de\/wp-content\/uploads\/2022\/11\/cor13.jpg\" alt=\"cor13\" \/><\/figure><\/div>\t\t\t<\/div>\n\t\t\t\t\t\t\t\t\t\t\t\t<div class=\"elementor-swiper-button elementor-swiper-button-prev\" role=\"button\" tabindex=\"0\">\n\t\t\t\t\t\t<i aria-hidden=\"true\" class=\"eicon-chevron-left\"><\/i>\t\t\t\t\t<\/div>\n\t\t\t\t\t<div class=\"elementor-swiper-button elementor-swiper-button-next\" role=\"button\" tabindex=\"0\">\n\t\t\t\t\t\t<i aria-hidden=\"true\" class=\"eicon-chevron-right\"><\/i>\t\t\t\t\t<\/div>\n\t\t\t\t\n\t\t\t\t\t\t\t\t\t<div class=\"swiper-pagination\"><\/div>\n\t\t\t\t\t\t\t\t\t<\/div>\n\t\t\t\t\t\t<\/div>\n\t\t\t\t<\/div>\n\t\t\t\t\t<\/div>\n\t\t<\/div>\n\t\t\t\t\t<\/div>\n\t\t<\/section>\n\t\t\t\t<section class=\"has_eae_slider elementor-section elementor-top-section elementor-element elementor-element-cb1f194 elementor-section-boxed elementor-section-height-default elementor-section-height-default\" data-eae-slider=\"70\" data-id=\"cb1f194\" data-element_type=\"section\" data-e-type=\"section\">\n\t\t\t\t\t\t<div class=\"elementor-container elementor-column-gap-default\">\n\t\t\t\t\t<div class=\"has_eae_slider elementor-column elementor-col-50 elementor-top-column elementor-element elementor-element-cc9ed76\" data-eae-slider=\"23753\" data-id=\"cc9ed76\" data-element_type=\"column\" data-e-type=\"column\">\n\t\t\t<div class=\"elementor-widget-wrap elementor-element-populated\">\n\t\t\t\t\t\t<div class=\"elementor-element elementor-element-2fbdf8a elementor-widget elementor-widget-text-editor\" data-id=\"2fbdf8a\" data-element_type=\"widget\" data-e-type=\"widget\" data-widget_type=\"text-editor.default\">\n\t\t\t\t<div class=\"elementor-widget-container\">\n\t\t\t\t\t\t\t\t\t<p>\u00a0<\/p><p><strong>Corregidor Island<\/strong> z\u00e4hlt zu den wohl interessantesten, historischen Schaupl\u00e4tzen des 2. Weltkriegs, rund um die K\u00e4mpfe auf den Philippinen.<\/p><p>Diese Insel liegt am Eingang zur Manila Bay und war mit ihrer strategischen Lage ein wichtiger Platz zur Verteidigung vor Angreifern.<\/p><p>Bereits die Spanier kontrollierten hier ankommende Schiffe, bevor diesen die Weiterfahrt gew\u00e4hrt wurde. Sp\u00e4ter, nach den spanischen Kriegen, nutzten die Vereinigten Staaten die Insel zur Verteidigung, und installierten massenhaft Kanonen grossen Kalibers.<\/p>\t\t\t\t\t\t\t\t<\/div>\n\t\t\t\t<\/div>\n\t\t\t\t\t<\/div>\n\t\t<\/div>\n\t\t\t\t<div class=\"has_eae_slider elementor-column elementor-col-50 elementor-top-column elementor-element elementor-element-d57f0ff\" data-eae-slider=\"13926\" data-id=\"d57f0ff\" data-element_type=\"column\" data-e-type=\"column\">\n\t\t\t<div class=\"elementor-widget-wrap elementor-element-populated\">\n\t\t\t\t\t\t<div class=\"elementor-element elementor-element-450e434 elementor-widget elementor-widget-image\" data-id=\"450e434\" data-element_type=\"widget\" data-e-type=\"widget\" data-widget_type=\"image.default\">\n\t\t\t\t<div class=\"elementor-widget-container\">\n\t\t\t\t\t\t\t\t\t\t\t\t<figure class=\"wp-caption\">\n\t\t\t\t\t\t\t\t\t\t\t<a href=\"http:\/\/www.north-luzon-tours.com\/NLT22\/de\/wp-content\/uploads\/2022\/11\/Map.jpg\" data-elementor-open-lightbox=\"yes\" data-elementor-lightbox-title=\"Map\" data-e-action-hash=\"#elementor-action%3Aaction%3Dlightbox%26settings%3DeyJpZCI6MTAzMiwidXJsIjoiaHR0cHM6XC9cL3d3dy5ub3J0aC1sdXpvbi10b3Vycy5jb21cL05MVDIyXC9kZVwvd3AtY29udGVudFwvdXBsb2Fkc1wvMjAyMlwvMTFcL01hcC5qcGcifQ%3D%3D\">\n\t\t\t\t\t\t\t<img fetchpriority=\"high\" decoding=\"async\" width=\"800\" height=\"410\" src=\"https:\/\/www.north-luzon-tours.com\/NLT22\/de\/wp-content\/uploads\/2022\/11\/Map-1024x525.jpg\" class=\"attachment-large size-large wp-image-1032\" alt=\"Corregidor Island map\" srcset=\"https:\/\/www.north-luzon-tours.com\/NLT22\/de\/wp-content\/uploads\/2022\/11\/Map-1024x525.jpg 1024w, https:\/\/www.north-luzon-tours.com\/NLT22\/de\/wp-content\/uploads\/2022\/11\/Map-300x154.jpg 300w, https:\/\/www.north-luzon-tours.com\/NLT22\/de\/wp-content\/uploads\/2022\/11\/Map-768x394.jpg 768w, https:\/\/www.north-luzon-tours.com\/NLT22\/de\/wp-content\/uploads\/2022\/11\/Map.jpg 1123w\" sizes=\"(max-width: 800px) 100vw, 800px\" \/>\t\t\t\t\t\t\t\t<\/a>\n\t\t\t\t\t\t\t\t\t\t\t<figcaption class=\"widget-image-caption wp-caption-text\">Corregidor Island in der Bucht von Manila<\/figcaption>\n\t\t\t\t\t\t\t\t\t\t<\/figure>\n\t\t\t\t\t\t\t\t\t<\/div>\n\t\t\t\t<\/div>\n\t\t\t\t<div class=\"elementor-element elementor-element-1d50c0e elementor-widget elementor-widget-text-editor\" data-id=\"1d50c0e\" data-element_type=\"widget\" data-e-type=\"widget\" data-widget_type=\"text-editor.default\">\n\t\t\t\t<div class=\"elementor-widget-container\">\n\t\t\t\t\t\t\t\t\t<p>Trotzdem fiel die Insel im M\u00e4rz 1942 nach massiven Attacken der japanischen Luftwaffe. General Douglas Mac Arthur, der die amerikanische Armee befehligte, wurde nach Australien abberufen, lie\u00df jedoch die Japaner wissen: <strong>\u201eI shall return!\u201c<\/strong><\/p>\t\t\t\t\t\t\t\t<\/div>\n\t\t\t\t<\/div>\n\t\t\t\t\t<\/div>\n\t\t<\/div>\n\t\t\t\t\t<\/div>\n\t\t<\/section>\n\t\t\t\t<section class=\"has_eae_slider elementor-section elementor-top-section elementor-element elementor-element-34042ec elementor-section-boxed elementor-section-height-default elementor-section-height-default\" data-eae-slider=\"71266\" data-id=\"34042ec\" data-element_type=\"section\" data-e-type=\"section\">\n\t\t\t\t\t\t<div class=\"elementor-container elementor-column-gap-default\">\n\t\t\t\t\t<div class=\"has_eae_slider elementor-column elementor-col-50 elementor-top-column elementor-element elementor-element-ea2df9b\" data-eae-slider=\"71744\" data-id=\"ea2df9b\" data-element_type=\"column\" data-e-type=\"column\">\n\t\t\t<div class=\"elementor-widget-wrap elementor-element-populated\">\n\t\t\t\t\t\t<div class=\"elementor-element elementor-element-3e14e53 elementor-widget elementor-widget-image\" data-id=\"3e14e53\" data-element_type=\"widget\" data-e-type=\"widget\" data-widget_type=\"image.default\">\n\t\t\t\t<div class=\"elementor-widget-container\">\n\t\t\t\t\t\t\t\t\t\t\t\t<figure class=\"wp-caption\">\n\t\t\t\t\t\t\t\t\t\t<img decoding=\"async\" width=\"514\" height=\"425\" src=\"https:\/\/www.north-luzon-tours.com\/NLT22\/de\/wp-content\/uploads\/2022\/11\/Battery.png\" class=\"attachment-large size-large wp-image-1033\" alt=\"Kanone\" srcset=\"https:\/\/www.north-luzon-tours.com\/NLT22\/de\/wp-content\/uploads\/2022\/11\/Battery.png 514w, https:\/\/www.north-luzon-tours.com\/NLT22\/de\/wp-content\/uploads\/2022\/11\/Battery-300x248.png 300w\" sizes=\"(max-width: 514px) 100vw, 514px\" \/>\t\t\t\t\t\t\t\t\t\t\t<figcaption class=\"widget-image-caption wp-caption-text\">Gesch\u00fctz auf Corregidor Island<\/figcaption>\n\t\t\t\t\t\t\t\t\t\t<\/figure>\n\t\t\t\t\t\t\t\t\t<\/div>\n\t\t\t\t<\/div>\n\t\t\t\t<div class=\"elementor-element elementor-element-931a9ce elementor-widget elementor-widget-text-editor\" data-id=\"931a9ce\" data-element_type=\"widget\" data-e-type=\"widget\" data-widget_type=\"text-editor.default\">\n\t\t\t\t<div class=\"elementor-widget-container\">\n\t\t\t\t\t\t\t\t\t<p>Geschichtlich eng zusammenh\u00e4ngend mit dieser Tour ist die Gedenkst\u00e4tte in Capas (Tarlac). Abertausende Kriegsgefangene, gro\u00dfteils Filipinos und Amerikaner, wurden nach der Kapitulation Corregidors von Bataan nach Capas verfrachtet. In einem tagelangen Marsch unter tropischer Sommersonne nach San Fernando, Pampanga, verdursteten bereits Hunderte Kriegsgefangene. Viele starben danach beim Eisenbahntransport von San Fernando nach Capas, wo sich ein Konzentrationslager befand. Eine riesige Gedenkmauer in Capas National Shrine enth\u00e4lt all die Namen derer eingemei\u00dfelt, die diesem Ereignis zum Opfer fielen. Siehe dazu ein<a href=\"http:\/\/www.north-luzon-tours.com\/NLT22\/de\/videos\/#capas\" target=\"_blank\" rel=\"noopener\"> Video \u00fcber Capas National Shrine<\/a><\/p>\t\t\t\t\t\t\t\t<\/div>\n\t\t\t\t<\/div>\n\t\t\t\t\t<\/div>\n\t\t<\/div>\n\t\t\t\t<div class=\"has_eae_slider elementor-column elementor-col-50 elementor-top-column elementor-element elementor-element-8013e3c\" data-eae-slider=\"65348\" data-id=\"8013e3c\" data-element_type=\"column\" data-e-type=\"column\">\n\t\t\t<div class=\"elementor-widget-wrap elementor-element-populated\">\n\t\t\t\t\t\t<div class=\"elementor-element elementor-element-1637630 elementor-widget elementor-widget-text-editor\" data-id=\"1637630\" data-element_type=\"widget\" data-e-type=\"widget\" data-widget_type=\"text-editor.default\">\n\t\t\t\t<div class=\"elementor-widget-container\">\n\t\t\t\t\t\t\t\t\t<p>Man kann diese Tour von Manila aus mit einer F\u00e4hre starten oder direkt von Bataan mit einem Boot auf Corregidor \u00fcbersetzen. Mit einem Shuttle wird man zu den wichtigsten Sehensw\u00fcrdigkeiten gefahren. Gut gef\u00fchrt und gut erkl\u00e4rt, vergeht die Zeit wie im Fluge. Die Ruhe und Abgelegenheit des Ortes, l\u00e4sst einem vorkommen, als ob Geschichte gerade stattfindet, als ob man gespannt auf den bald stattfindenden Angriff des Feindes wartet.<\/p><p>Ein MUSS f\u00fcr Philippinenbesucher, die an Geschichte interessiert sind!<\/p>\t\t\t\t\t\t\t\t<\/div>\n\t\t\t\t<\/div>\n\t\t\t\t<div class=\"elementor-element elementor-element-0e7dc72 elementor-widget elementor-widget-image\" data-id=\"0e7dc72\" data-element_type=\"widget\" data-e-type=\"widget\" data-widget_type=\"image.default\">\n\t\t\t\t<div class=\"elementor-widget-container\">\n\t\t\t\t\t\t\t\t\t\t\t\t\t\t\t<img decoding=\"async\" width=\"717\" height=\"1024\" src=\"https:\/\/www.north-luzon-tours.com\/NLT22\/de\/wp-content\/uploads\/2022\/11\/Siegel-f-717x1024.jpg\" class=\"attachment-large size-large wp-image-1035\" alt=\"Corregidor gemalt\" srcset=\"https:\/\/www.north-luzon-tours.com\/NLT22\/de\/wp-content\/uploads\/2022\/11\/Siegel-f-717x1024.jpg 717w, https:\/\/www.north-luzon-tours.com\/NLT22\/de\/wp-content\/uploads\/2022\/11\/Siegel-f-210x300.jpg 210w, https:\/\/www.north-luzon-tours.com\/NLT22\/de\/wp-content\/uploads\/2022\/11\/Siegel-f-768x1097.jpg 768w, https:\/\/www.north-luzon-tours.com\/NLT22\/de\/wp-content\/uploads\/2022\/11\/Siegel-f-1076x1536.jpg 1076w, https:\/\/www.north-luzon-tours.com\/NLT22\/de\/wp-content\/uploads\/2022\/11\/Siegel-f.jpg 1280w\" sizes=\"(max-width: 717px) 100vw, 717px\" \/>\t\t\t\t\t\t\t\t\t\t\t\t\t\t\t<\/div>\n\t\t\t\t<\/div>\n\t\t\t\t\t<\/div>\n\t\t<\/div>\n\t\t\t\t\t<\/div>\n\t\t<\/section>\n\t\t\t\t<section class=\"has_eae_slider elementor-section elementor-top-section elementor-element elementor-element-7320378 elementor-section-boxed elementor-section-height-default elementor-section-height-default\" data-eae-slider=\"49180\" data-id=\"7320378\" data-element_type=\"section\" data-e-type=\"section\">\n\t\t\t\t\t\t<div class=\"elementor-container elementor-column-gap-default\">\n\t\t\t\t\t<div class=\"has_eae_slider elementor-column elementor-col-100 elementor-top-column elementor-element elementor-element-a9dfd30\" data-eae-slider=\"70117\" data-id=\"a9dfd30\" data-element_type=\"column\" data-e-type=\"column\">\n\t\t\t<div class=\"elementor-widget-wrap elementor-element-populated\">\n\t\t\t\t\t\t<div class=\"elementor-element elementor-element-bdac7b5 elementor-widget elementor-widget-text-editor\" data-id=\"bdac7b5\" data-element_type=\"widget\" data-e-type=\"widget\" data-widget_type=\"text-editor.default\">\n\t\t\t\t<div class=\"elementor-widget-container\">\n\t\t\t\t\t\t\t\t\t<p><strong>Corregidor Island zur Zeit der Spanier<\/strong><\/p><p>Die Insel war wahrscheinlich schon vor der spanischen Herrschaft \u00fcber die Philippinen von Fischern bev\u00f6lkert. Zur Zeit der Spanier gab es eine Signalstation, die Feuer entz\u00fcndete, um Manila \u00fcber heimkehrende Schiffe zu unterrichten. 1795 wurde dann eine Marinestation auf der Insel aufgebaut, sp\u00e4ter gefolgt von einem Marinehospital und 1836 wurde ein Leuchtturm errichtet. Die Kleinstadt San Jose auf Corregidor bildete den Sitz der Regierung auf der Insel.<\/p><p><strong>Corregidor Island zur Zeit der Amerikaner<\/strong><\/p><p>Nach der \u00dcbernahme der Philippinen durch die USA (1898) wurde die Insel 1907 als US-Milit\u00e4rgebiet ausgewiesen und der dortige Army-Posten Fort Mills benannt. Aufgrund ihrer Lage sehr geeignet f\u00fcr die Verteidigung der Manila Bay wurde Corregidor ab 1909 mit Artillerie befestigt, Betonstellungen und Bunker wurden errichtet sowie ein Netz aus Stra\u00dfen angelegt. 1912 war aus der Insel eine Milit\u00e4rbastion geworden. Wegen der felsigen Natur und der Befestigungen wurde Corregidor auch nur \u201eThe Rock\u201c genannt.<\/p><p><a href=\"https:\/\/de.wikipedia.org\/wiki\/Corregidor\" target=\"_blank\" rel=\"noopener\">Quelle: Wikipedia<\/a><\/p><p><img loading=\"lazy\" decoding=\"async\" class=\"size-medium wp-image-1034 alignright\" src=\"http:\/\/www.north-luzon-tours.com\/NLT22\/de\/wp-content\/uploads\/2022\/11\/Siegel-300x227.jpg\" alt=\"Corregidor Siegel\" width=\"300\" height=\"227\" srcset=\"https:\/\/www.north-luzon-tours.com\/NLT22\/de\/wp-content\/uploads\/2022\/11\/Siegel-300x227.jpg 300w, https:\/\/www.north-luzon-tours.com\/NLT22\/de\/wp-content\/uploads\/2022\/11\/Siegel-1024x775.jpg 1024w, https:\/\/www.north-luzon-tours.com\/NLT22\/de\/wp-content\/uploads\/2022\/11\/Siegel-768x581.jpg 768w, https:\/\/www.north-luzon-tours.com\/NLT22\/de\/wp-content\/uploads\/2022\/11\/Siegel.jpg 1216w\" sizes=\"(max-width: 300px) 100vw, 300px\" \/>W\u00e4hrend der japanischen Invasion im Dezember 1941 war die Insel Hauptquartier der US-Marinestreitkr\u00e4fte unter General Douglas Mac Arthur. Trotz Belagerungen von See und heftiger Bombardements konnte Corregidor lange standhalten und Bataan als letzte R\u00fcckzugsm\u00f6glichkeit der philippinischen und US-amerikanischen Streitkr\u00e4ften entlasten.<\/p><p>General Mac Arthur wurde im M\u00e4rz 1942 nach Australien abberufen. Auch nachdem Bataan am 9. April 1942 gefallen war, hielt die Festung auf der Insel noch 27 Tage stand. Ein am 5. Mai mit Luftunterst\u00fctzung begonnener Angriff von 2000 Japanern f\u00fchrte am darauffolgenden Tag zur Kapitulation der Verteidiger. W\u00e4hrend der japanischen Besetzung verblieben ungef\u00e4hr 300 japanische Soldaten und etwa 500 Kriegsgefangene auf der Insel.<\/p><p>W\u00e4hrend der\u00a0R\u00fcckeroberung der Philippinen\u00a0durch die USA 1945 wurden die Kriegsgefangenen abtransportiert. Die US-Truppen sahen sich schlie\u00dflich \u00fcber 5000 Verteidigern auf Corregidor gegen\u00fcber, als sie die Insel am 15.\u00a0Februar 1945 angriffen. Der Kampf um die Insel dauerte zw\u00f6lf Tage und forderte knapp 900 Opfer auf amerikanischer Seite, auf japanischer kamen fast alle Verteidiger um.<\/p><p>Heute ist Corregidor haupts\u00e4chlich ein historisches Denkmal. Mit den noch sichtbaren milit\u00e4rischen Anlagen wie dem Malinta-Tunnel, aber auch dem alten Leuchtturm und vielen Parks, ist Corregidor einer der gr\u00f6\u00dften Anziehungspunkte f\u00fcr Touristen auf den Philippinen.<\/p>\t\t\t\t\t\t\t\t<\/div>\n\t\t\t\t<\/div>\n\t\t\t\t\t<\/div>\n\t\t<\/div>\n\t\t\t\t\t<\/div>\n\t\t<\/section>\n\t\t\t\t<section class=\"has_eae_slider elementor-section elementor-top-section elementor-element elementor-element-3908048 elementor-section-boxed elementor-section-height-default elementor-section-height-default\" data-eae-slider=\"19019\" data-id=\"3908048\" data-element_type=\"section\" data-e-type=\"section\">\n\t\t\t\t\t\t<div class=\"elementor-container elementor-column-gap-default\">\n\t\t\t\t\t<div class=\"has_eae_slider elementor-column elementor-col-100 elementor-top-column elementor-element elementor-element-42bab62\" data-eae-slider=\"7586\" data-id=\"42bab62\" data-element_type=\"column\" data-e-type=\"column\">\n\t\t\t<div class=\"elementor-widget-wrap elementor-element-populated\">\n\t\t\t\t\t\t<div class=\"elementor-element elementor-element-1dbe266 elementor-widget elementor-widget-spacer\" data-id=\"1dbe266\" data-element_type=\"widget\" data-e-type=\"widget\" data-widget_type=\"spacer.default\">\n\t\t\t\t<div class=\"elementor-widget-container\">\n\t\t\t\t\t\t\t<div class=\"elementor-spacer\">\n\t\t\t<div class=\"elementor-spacer-inner\"><\/div>\n\t\t<\/div>\n\t\t\t\t\t\t<\/div>\n\t\t\t\t<\/div>\n\t\t\t\t\t<\/div>\n\t\t<\/div>\n\t\t\t\t\t<\/div>\n\t\t<\/section>\n\t\t\t\t<\/div>\n\t\t","protected":false},"excerpt":{"rendered":"<p>Corregidor Island Previous Next \u00a0 Corregidor Island z\u00e4hlt zu den wohl interessantesten, historischen Schaupl\u00e4tzen des 2. Weltkriegs, rund um die K\u00e4mpfe auf den Philippinen. Diese Insel liegt am Eingang zur &#8230;<\/p>\n","protected":false},"author":2,"featured_media":0,"parent":0,"menu_order":0,"comment_status":"closed","ping_status":"closed","template":"elementor_header_footer","meta":{"footnotes":""},"class_list":["post-1029","page","type-page","status-publish","hentry"],"_links":{"self":[{"href":"https:\/\/www.north-luzon-tours.com\/NLT22\/de\/wp-json\/wp\/v2\/pages\/1029","targetHints":{"allow":["GET"]}}],"collection":[{"href":"https:\/\/www.north-luzon-tours.com\/NLT22\/de\/wp-json\/wp\/v2\/pages"}],"about":[{"href":"https:\/\/www.north-luzon-tours.com\/NLT22\/de\/wp-json\/wp\/v2\/types\/page"}],"author":[{"embeddable":true,"href":"https:\/\/www.north-luzon-tours.com\/NLT22\/de\/wp-json\/wp\/v2\/users\/2"}],"replies":[{"embeddable":true,"href":"https:\/\/www.north-luzon-tours.com\/NLT22\/de\/wp-json\/wp\/v2\/comments?post=1029"}],"version-history":[{"count":3,"href":"https:\/\/www.north-luzon-tours.com\/NLT22\/de\/wp-json\/wp\/v2\/pages\/1029\/revisions"}],"predecessor-version":[{"id":2497,"href":"https:\/\/www.north-luzon-tours.com\/NLT22\/de\/wp-json\/wp\/v2\/pages\/1029\/revisions\/2497"}],"wp:attachment":[{"href":"https:\/\/www.north-luzon-tours.com\/NLT22\/de\/wp-json\/wp\/v2\/media?parent=1029"}],"curies":[{"name":"wp","href":"https:\/\/api.w.org\/{rel}","templated":true}]}}