{"id":3076,"date":"2025-04-11T13:38:25","date_gmt":"2025-04-11T05:38:25","guid":{"rendered":"https:\/\/www.north-luzon-tours.com\/NLT22\/de\/?page_id=3076"},"modified":"2025-04-11T15:13:47","modified_gmt":"2025-04-11T07:13:47","slug":"buscalan","status":"publish","type":"page","link":"https:\/\/www.north-luzon-tours.com\/NLT22\/de\/buscalan\/","title":{"rendered":"Buscalan"},"content":{"rendered":"\t\t<div data-elementor-type=\"wp-page\" data-elementor-id=\"3076\" class=\"elementor elementor-3076\">\n\t\t\t\t\t\t<section class=\"has_eae_slider elementor-section elementor-top-section elementor-element elementor-element-f3f0cf4 elementor-section-boxed elementor-section-height-default elementor-section-height-default\" data-eae-slider=\"35531\" data-id=\"f3f0cf4\" data-element_type=\"section\" data-e-type=\"section\">\n\t\t\t\t\t\t<div class=\"elementor-container elementor-column-gap-default\">\n\t\t\t\t\t<div class=\"has_eae_slider elementor-column elementor-col-100 elementor-top-column elementor-element elementor-element-f12768d\" data-eae-slider=\"96044\" data-id=\"f12768d\" data-element_type=\"column\" data-e-type=\"column\">\n\t\t\t<div class=\"elementor-widget-wrap elementor-element-populated\">\n\t\t\t\t\t\t<div class=\"elementor-element elementor-element-517df12 elementor-widget elementor-widget-heading\" data-id=\"517df12\" data-element_type=\"widget\" data-e-type=\"widget\" data-widget_type=\"heading.default\">\n\t\t\t\t<div class=\"elementor-widget-container\">\n\t\t\t\t\t<h2 class=\"elementor-heading-title elementor-size-default\">Buscalan \u2022 Das Dorf der T\u00e4towierer<\/h2>\t\t\t\t<\/div>\n\t\t\t\t<\/div>\n\t\t\t\t\t<\/div>\n\t\t<\/div>\n\t\t\t\t\t<\/div>\n\t\t<\/section>\n\t\t\t\t<section class=\"has_eae_slider elementor-section elementor-top-section elementor-element elementor-element-43ac028 elementor-section-boxed elementor-section-height-default elementor-section-height-default\" data-eae-slider=\"82913\" data-id=\"43ac028\" data-element_type=\"section\" data-e-type=\"section\">\n\t\t\t\t\t\t<div class=\"elementor-container elementor-column-gap-default\">\n\t\t\t\t\t<div class=\"has_eae_slider elementor-column elementor-col-100 elementor-top-column elementor-element elementor-element-1c092c5\" data-eae-slider=\"61255\" data-id=\"1c092c5\" data-element_type=\"column\" data-e-type=\"column\">\n\t\t\t<div class=\"elementor-widget-wrap elementor-element-populated\">\n\t\t\t\t\t\t<div class=\"elementor-element elementor-element-7c577d2 elementor-widget elementor-widget-image\" data-id=\"7c577d2\" data-element_type=\"widget\" data-e-type=\"widget\" data-widget_type=\"image.default\">\n\t\t\t\t<div class=\"elementor-widget-container\">\n\t\t\t\t\t\t\t\t\t\t\t\t\t\t\t<img fetchpriority=\"high\" decoding=\"async\" width=\"800\" height=\"379\" src=\"https:\/\/www.north-luzon-tours.com\/NLT22\/de\/wp-content\/uploads\/2025\/04\/20240118_163944-1024x485.jpg\" class=\"attachment-large size-large wp-image-3112\" alt=\"\" srcset=\"https:\/\/www.north-luzon-tours.com\/NLT22\/de\/wp-content\/uploads\/2025\/04\/20240118_163944-1024x485.jpg 1024w, https:\/\/www.north-luzon-tours.com\/NLT22\/de\/wp-content\/uploads\/2025\/04\/20240118_163944-300x142.jpg 300w, https:\/\/www.north-luzon-tours.com\/NLT22\/de\/wp-content\/uploads\/2025\/04\/20240118_163944-768x364.jpg 768w, https:\/\/www.north-luzon-tours.com\/NLT22\/de\/wp-content\/uploads\/2025\/04\/20240118_163944-1536x728.jpg 1536w, https:\/\/www.north-luzon-tours.com\/NLT22\/de\/wp-content\/uploads\/2025\/04\/20240118_163944-2048x970.jpg 2048w\" sizes=\"(max-width: 800px) 100vw, 800px\" \/>\t\t\t\t\t\t\t\t\t\t\t\t\t\t\t<\/div>\n\t\t\t\t<\/div>\n\t\t\t\t\t<\/div>\n\t\t<\/div>\n\t\t\t\t\t<\/div>\n\t\t<\/section>\n\t\t\t\t<section class=\"has_eae_slider elementor-section elementor-top-section elementor-element elementor-element-c01788e elementor-section-boxed elementor-section-height-default elementor-section-height-default\" data-eae-slider=\"10732\" data-id=\"c01788e\" data-element_type=\"section\" data-e-type=\"section\">\n\t\t\t\t\t\t<div class=\"elementor-container elementor-column-gap-default\">\n\t\t\t\t\t<div class=\"has_eae_slider elementor-column elementor-col-100 elementor-top-column elementor-element elementor-element-898b8c2\" data-eae-slider=\"33855\" data-id=\"898b8c2\" data-element_type=\"column\" data-e-type=\"column\">\n\t\t\t<div class=\"elementor-widget-wrap elementor-element-populated\">\n\t\t\t\t\t\t<div class=\"elementor-element elementor-element-0872ae1 elementor-widget elementor-widget-text-editor\" data-id=\"0872ae1\" data-element_type=\"widget\" data-e-type=\"widget\" data-widget_type=\"text-editor.default\">\n\t\t\t\t<div class=\"elementor-widget-container\">\n\t\t\t\t\t\t\t\t\t<p>T\u00e4glich reisen Dutzende Menschen nach Buscalan, um sich genau hier ein Tattoo machen zu lassen.<br \/>Bekannt wurde Buscalan durch Apo Whang-Od, die wohl \u00e4lteste T\u00e4towiererin der Welt. Nach eigenen Angaben ist sie 103 Jahre alt (Stand April 2025) und ist nach wie vor aktiv, wenn man gerade von ihr ein Tattoo haben m\u00f6chte.<\/p><p>\u00dcber Buscalan gibt es unz\u00e4hlige Berichte und Informationen im Internet, weshalb wir uns hier rein auf die Anfahrt beschr\u00e4nken werden.<\/p><p>Buscalan ist nicht leicht zu erreichen. Manche Anfahrten muten sehr abenteuerlich an und sind auch nicht ungef\u00e4hrlich. Zu erw\u00e4hnen w\u00e4re diesbez\u00fcglich die Anreise \u00fcber Baguio und dem <a href=\"https:\/\/rumble.com\/v1jiam1-der-halsema-highway-auf-den-philippinenhinter-jeder-kurve-lauert-der-tod.html?mref=qksz0&amp;mc=5caj5\" target=\"_blank\" rel=\"noopener\">Halsema Highway<\/a>, der zu den 25 gef\u00e4hrlichsten Passstrassen weltweit z\u00e4hlt. Gerade w\u00e4hrend der Regenzeit und auch noch etliche Tage und Wochen sp\u00e4ter kann es zu Hangrutschungen und Steinschl\u00e4gen (bis zur Gr\u00f6sse eines Autos) kommen.<\/p><p>Sicherer ist die Anfahrt \u00fcber den Dalton Pass &#8211; der die Grenze zwischen den Provinzen Nueva Ecija und Nueva Viscaya bildet &#8211; nach Bayombong, Bauang, Bontoc und danach nach Buscala. Diese Strecke ist zwar sicherer, aber sehr lang. Anreisezeit von Manila mit \u00f6ffentlichen Verkehrsmitteln sicher mehr als 24 Stunden.<\/p><p>Bei beiden Varianten ist etliche Male umsteigen angesagt. Manchmal in nicht so bequeme Transportfahrzeuge.<\/p>\t\t\t\t\t\t\t\t<\/div>\n\t\t\t\t<\/div>\n\t\t\t\t\t<\/div>\n\t\t<\/div>\n\t\t\t\t\t<\/div>\n\t\t<\/section>\n\t\t\t\t<section class=\"has_eae_slider elementor-section elementor-top-section elementor-element elementor-element-1f77bcc elementor-section-boxed elementor-section-height-default elementor-section-height-default\" data-eae-slider=\"3287\" data-id=\"1f77bcc\" data-element_type=\"section\" data-e-type=\"section\">\n\t\t\t\t\t\t<div class=\"elementor-container elementor-column-gap-default\">\n\t\t\t\t\t<div class=\"has_eae_slider elementor-column elementor-col-50 elementor-top-column elementor-element elementor-element-4297c3c\" data-eae-slider=\"49568\" data-id=\"4297c3c\" data-element_type=\"column\" data-e-type=\"column\">\n\t\t\t<div class=\"elementor-widget-wrap elementor-element-populated\">\n\t\t\t\t\t\t<div class=\"elementor-element elementor-element-4cdc36c elementor-widget elementor-widget-text-editor\" data-id=\"4cdc36c\" data-element_type=\"widget\" data-e-type=\"widget\" data-widget_type=\"text-editor.default\">\n\t\t\t\t<div class=\"elementor-widget-container\">\n\t\t\t\t\t\t\t\t\t<p>Nord Luzon Tours w\u00e4hlt f\u00fcr die Anreise die Route, die nicht von \u00f6ffentlichen Verkehrsmitteln bedient wird<\/p><p>Die Reise geht nach Ilocos Sur, \u00fcber den Bessang Pass nach Bontoc und danach nach Buscalan in <span style=\"text-decoration: underline;\">einem<\/span> Fahrzeug, auf ungef\u00e4hrlicheren Routen.<\/p><p>Anmerkung: Passieren kann immer etwas, aber man kann die Gefahr minimalisieren.<\/p><p>Wer als das Bed\u00fcrfnis versp\u00fcrt, sich ebenfalls ein Tattoo von den ber\u00fchmtesten T\u00e4towierern der Philippinen machen zu lassen, kann das sehr gut bei einer 3 &#8211; 4-t\u00e4gigen Besichtigungstour von <a href=\"https:\/\/www.north-luzon-tours.com\/NLT22\/de\/provinzen\/#benguet\" target=\"_blank\" rel=\"noopener\">Banaue<\/a> und <a href=\"https:\/\/www.north-luzon-tours.com\/NLT22\/de\/provinzen\/#benguet\" target=\"_blank\" rel=\"noopener\">Sagada<\/a> verbinden.<\/p>\t\t\t\t\t\t\t\t<\/div>\n\t\t\t\t<\/div>\n\t\t\t\t\t<\/div>\n\t\t<\/div>\n\t\t\t\t<div class=\"has_eae_slider elementor-column elementor-col-50 elementor-top-column elementor-element elementor-element-d9e5f1a\" data-eae-slider=\"70978\" data-id=\"d9e5f1a\" data-element_type=\"column\" data-e-type=\"column\">\n\t\t\t<div class=\"elementor-widget-wrap elementor-element-populated\">\n\t\t\t\t\t\t<div class=\"elementor-element elementor-element-63590e3 elementor-widget elementor-widget-image\" data-id=\"63590e3\" data-element_type=\"widget\" data-e-type=\"widget\" data-widget_type=\"image.default\">\n\t\t\t\t<div class=\"elementor-widget-container\">\n\t\t\t\t\t\t\t\t\t\t\t\t<figure class=\"wp-caption\">\n\t\t\t\t\t\t\t\t\t\t<img decoding=\"async\" width=\"800\" height=\"566\" src=\"https:\/\/www.north-luzon-tours.com\/NLT22\/de\/wp-content\/uploads\/2025\/04\/Buscalan-patterns-tattoo-sampler.png\" class=\"attachment-large size-large wp-image-3092\" alt=\"Buscalan Tatoo Patterns\" srcset=\"https:\/\/www.north-luzon-tours.com\/NLT22\/de\/wp-content\/uploads\/2025\/04\/Buscalan-patterns-tattoo-sampler.png 850w, https:\/\/www.north-luzon-tours.com\/NLT22\/de\/wp-content\/uploads\/2025\/04\/Buscalan-patterns-tattoo-sampler-300x212.png 300w, https:\/\/www.north-luzon-tours.com\/NLT22\/de\/wp-content\/uploads\/2025\/04\/Buscalan-patterns-tattoo-sampler-768x543.png 768w\" sizes=\"(max-width: 800px) 100vw, 800px\" \/>\t\t\t\t\t\t\t\t\t\t\t<figcaption class=\"widget-image-caption wp-caption-text\">Buscalan Tattoo Patterns<\/figcaption>\n\t\t\t\t\t\t\t\t\t\t<\/figure>\n\t\t\t\t\t\t\t\t\t<\/div>\n\t\t\t\t<\/div>\n\t\t\t\t\t<\/div>\n\t\t<\/div>\n\t\t\t\t\t<\/div>\n\t\t<\/section>\n\t\t\t\t<\/div>\n\t\t","protected":false},"excerpt":{"rendered":"<p>Buscalan \u2022 Das Dorf der T\u00e4towierer T\u00e4glich reisen Dutzende Menschen nach Buscalan, um sich genau hier ein Tattoo machen zu lassen.Bekannt wurde Buscalan durch Apo Whang-Od, die wohl \u00e4lteste T\u00e4towiererin &#8230;<\/p>\n","protected":false},"author":2,"featured_media":0,"parent":0,"menu_order":0,"comment_status":"closed","ping_status":"closed","template":"","meta":{"footnotes":""},"class_list":["post-3076","page","type-page","status-publish","hentry"],"_links":{"self":[{"href":"https:\/\/www.north-luzon-tours.com\/NLT22\/de\/wp-json\/wp\/v2\/pages\/3076","targetHints":{"allow":["GET"]}}],"collection":[{"href":"https:\/\/www.north-luzon-tours.com\/NLT22\/de\/wp-json\/wp\/v2\/pages"}],"about":[{"href":"https:\/\/www.north-luzon-tours.com\/NLT22\/de\/wp-json\/wp\/v2\/types\/page"}],"author":[{"embeddable":true,"href":"https:\/\/www.north-luzon-tours.com\/NLT22\/de\/wp-json\/wp\/v2\/users\/2"}],"replies":[{"embeddable":true,"href":"https:\/\/www.north-luzon-tours.com\/NLT22\/de\/wp-json\/wp\/v2\/comments?post=3076"}],"version-history":[{"count":40,"href":"https:\/\/www.north-luzon-tours.com\/NLT22\/de\/wp-json\/wp\/v2\/pages\/3076\/revisions"}],"predecessor-version":[{"id":3122,"href":"https:\/\/www.north-luzon-tours.com\/NLT22\/de\/wp-json\/wp\/v2\/pages\/3076\/revisions\/3122"}],"wp:attachment":[{"href":"https:\/\/www.north-luzon-tours.com\/NLT22\/de\/wp-json\/wp\/v2\/media?parent=3076"}],"curies":[{"name":"wp","href":"https:\/\/api.w.org\/{rel}","templated":true}]}}